{"id":29,"date":"2024-11-01T23:43:59","date_gmt":"2024-11-02T02:43:59","guid":{"rendered":"https:\/\/famolab.com.br\/?page_id=29"},"modified":"2025-08-03T13:50:17","modified_gmt":"2025-08-03T16:50:17","slug":"atendimento-especializado","status":"publish","type":"page","link":"https:\/\/famolab.com.br\/en\/atendimento-especializado\/","title":{"rendered":"Atendimento Especializado"},"content":{"rendered":"<div data-elementor-type=\"wp-page\" data-elementor-id=\"29\" class=\"elementor elementor-29\" data-elementor-post-type=\"page\">\n\t\t\t\t<div class=\"elementor-element elementor-element-a8fc45c e-flex e-con-boxed e-con e-parent\" data-id=\"a8fc45c\" data-element_type=\"container\">\n\t\t\t\t\t<div class=\"e-con-inner\">\n\t\t\t\t<div class=\"elementor-element elementor-element-6c3d1f4 elementor-widget elementor-widget-text-editor\" data-id=\"6c3d1f4\" data-element_type=\"widget\" data-widget_type=\"text-editor.default\">\n\t\t\t\t<div class=\"elementor-widget-container\">\n\t\t\t\t\t\t\t\t\t<p>Queremos entender as necessidades do seu projeto e encontrar a melhor solu\u00e7\u00e3o t\u00e9cnica para o seu laborat\u00f3rio. Preencha o formul\u00e1rio abaixo com as informa\u00e7\u00f5es iniciais e nossa equipe especializada entrar\u00e1 em contato com voc\u00ea o mais breve poss\u00edvel.<\/p>\n<p><\/p>\t\t\t\t\t\t\t\t<\/div>\n\t\t\t\t<\/div>\n\t\t\t\t\t<\/div>\n\t\t\t\t<\/div>\n\t\t\t\t<\/div>","protected":false},"excerpt":{"rendered":"<p>Queremos entender as necessidades do seu projeto e encontrar a melhor solu\u00e7\u00e3o t\u00e9cnica para o seu laborat\u00f3rio. Preencha o formul\u00e1rio abaixo com as informa\u00e7\u00f5es iniciais e nossa equipe especializada entrar\u00e1 em contato com voc\u00ea o mais breve poss\u00edvel.<\/p>","protected":false},"author":1,"featured_media":0,"parent":0,"menu_order":0,"comment_status":"closed","ping_status":"closed","template":"","meta":{"_acf_changed":false,"inline_featured_image":false,"footnotes":""},"class_list":["post-29","page","type-page","status-publish","hentry"],"acf":[],"_links":{"self":[{"href":"https:\/\/famolab.com.br\/en\/wp-json\/wp\/v2\/pages\/29","targetHints":{"allow":["GET"]}}],"collection":[{"href":"https:\/\/famolab.com.br\/en\/wp-json\/wp\/v2\/pages"}],"about":[{"href":"https:\/\/famolab.com.br\/en\/wp-json\/wp\/v2\/types\/page"}],"author":[{"embeddable":true,"href":"https:\/\/famolab.com.br\/en\/wp-json\/wp\/v2\/users\/1"}],"replies":[{"embeddable":true,"href":"https:\/\/famolab.com.br\/en\/wp-json\/wp\/v2\/comments?post=29"}],"version-history":[{"count":0,"href":"https:\/\/famolab.com.br\/en\/wp-json\/wp\/v2\/pages\/29\/revisions"}],"wp:attachment":[{"href":"https:\/\/famolab.com.br\/en\/wp-json\/wp\/v2\/media?parent=29"}],"curies":[{"name":"wp","href":"https:\/\/api.w.org\/{rel}","templated":true}]}}